{"id":63,"date":"2026-04-06T18:27:15","date_gmt":"2026-04-06T16:27:15","guid":{"rendered":"https:\/\/tps.best\/?page_id=63"},"modified":"2026-04-06T18:37:06","modified_gmt":"2026-04-06T16:37:06","slug":"enjeux","status":"publish","type":"page","link":"https:\/\/tps.best\/?page_id=63","title":{"rendered":"Enjeux"},"content":{"rendered":"\n<p class=\"has-large-font-size\">\u00a0Salari\u00e9 <strong>m\u00e9content<\/strong> ou <strong>stress\u00e9<\/strong> <strong>&lt;=><\/strong> Impact <strong>n\u00e9gatif 100 fois<\/strong> plus important qu\u2019un salari\u00e9 <strong>apais\u00e9<\/strong><\/p>\n\n\n\n<p>\u2022 <strong>Probl\u00e8mes<\/strong> relationnels, n\u00e9gociations, r\u00e9silience \u2026<\/p>\n\n\n\n<p>\u2022 Impact : <strong>r\u00e9putation<\/strong> &amp; <strong>e-r\u00e9putation<\/strong><\/p>\n\n\n\n<p>\u2022 <strong>Engagement<\/strong> &amp; performance en baisse<\/p>\n\n\n\n<p>\u2022 \u2026 <strong>charge \u00e9motionnelle<\/strong> forte (peur, col\u00e8re, tristesse)<\/p>\n\n\n\n<ul class=\"wp-block-list\">\n<li>12 milliards de jours de travail perdu dans le monde \u00e0 cause de d\u00e9pression &amp; anxi\u00e9t\u00e9 (OMS)<\/li>\n\n\n\n<li>+5h par semaine perdues par des salari\u00e9s stress\u00e9s (ANDRH)<\/li>\n\n\n\n<li>70% des employeurs sans parcours de sortie (ANDRH)<\/li>\n\n\n\n<li>85% de collaborateurs pr\u00eats \u00e0 parler en bien si d\u00e9part \u00ab\u00a0r\u00e9ussi\u00a0\u00bb(Glassdoor)<\/li>\n<\/ul>\n","protected":false},"excerpt":{"rendered":"<p>\u00a0Salari\u00e9 m\u00e9content ou stress\u00e9 &lt;=> Impact n\u00e9gatif 100 fois plus important qu\u2019un salari\u00e9 apais\u00e9 \u2022 Probl\u00e8mes relationnels, n\u00e9gociations, r\u00e9silience \u2026 \u2022 Impact : r\u00e9putation &amp; &hellip;<\/p>\n","protected":false},"author":1,"featured_media":0,"parent":0,"menu_order":0,"comment_status":"closed","ping_status":"closed","template":"","meta":{"footnotes":""},"class_list":["post-63","page","type-page","status-publish","hentry"],"_links":{"self":[{"href":"https:\/\/tps.best\/index.php?rest_route=\/wp\/v2\/pages\/63","targetHints":{"allow":["GET"]}}],"collection":[{"href":"https:\/\/tps.best\/index.php?rest_route=\/wp\/v2\/pages"}],"about":[{"href":"https:\/\/tps.best\/index.php?rest_route=\/wp\/v2\/types\/page"}],"author":[{"embeddable":true,"href":"https:\/\/tps.best\/index.php?rest_route=\/wp\/v2\/users\/1"}],"replies":[{"embeddable":true,"href":"https:\/\/tps.best\/index.php?rest_route=%2Fwp%2Fv2%2Fcomments&post=63"}],"version-history":[{"count":6,"href":"https:\/\/tps.best\/index.php?rest_route=\/wp\/v2\/pages\/63\/revisions"}],"predecessor-version":[{"id":72,"href":"https:\/\/tps.best\/index.php?rest_route=\/wp\/v2\/pages\/63\/revisions\/72"}],"wp:attachment":[{"href":"https:\/\/tps.best\/index.php?rest_route=%2Fwp%2Fv2%2Fmedia&parent=63"}],"curies":[{"name":"wp","href":"https:\/\/api.w.org\/{rel}","templated":true}]}}