{"id":35,"date":"2024-10-18T16:35:11","date_gmt":"2024-10-18T14:35:11","guid":{"rendered":"https:\/\/tps.best\/?page_id=35"},"modified":"2026-04-06T19:19:56","modified_gmt":"2026-04-06T17:19:56","slug":"left-en-quelques-mots","status":"publish","type":"page","link":"https:\/\/tps.best\/?page_id=35","title":{"rendered":"L\u2019EFT en quelques mots"},"content":{"rendered":"\n<div class=\"wp-block-group\"><div class=\"wp-block-group__inner-container is-layout-constrained wp-block-group-is-layout-constrained\">\n<p class=\"has-large-font-size\">Alliance de 2 des 3 <strong>Techniques Cognitives Comportementales<\/strong> (TCC) valid\u00e9es par l\u2019OMS.<\/p>\n\n\n\n<p>Cr\u00e9\u00e9e en 1990 par Gary Craig, L\u2019EFT (Emotional Freedom Technique) est l&rsquo;alliance de l\u2019<strong>hypnose<\/strong> &amp; de l\u2019<strong>acupuncture<\/strong> (tapotements sans aiguille).<\/p>\n\n\n\n<p>Objectif : <strong>supprimer les \u00e9motions n\u00e9gatives <\/strong>au travers d\u2019un <strong>dialogue<\/strong> et de <strong>tapotements<\/strong> de points sp\u00e9cifiques d\u2019acupuncture.<\/p>\n\n\n\n<p>L\u2019EFT apaise la r\u00e9action \u00e9motionnelle brute du <strong>traumatisme<\/strong> et permet au <strong>cerveau<\/strong> de reclasser l&rsquo;\u00e9v\u00e9nement dans la m\u00e9moire \u00e0 long terme, l\u00e0 o\u00f9 il devient moins charg\u00e9 \u00e9motionnellement.<\/p>\n\n\n\n<figure class=\"wp-block-gallery has-nested-images columns-default is-cropped wp-block-gallery-1 is-layout-flex wp-block-gallery-is-layout-flex\">\n<figure class=\"wp-block-image size-large\"><img loading=\"lazy\" decoding=\"async\" width=\"502\" height=\"808\" data-id=\"38\" src=\"https:\/\/tps.best\/wp-content\/uploads\/2024\/10\/points-EFT.png\" alt=\"\" class=\"wp-image-38\" srcset=\"https:\/\/tps.best\/wp-content\/uploads\/2024\/10\/points-EFT.png 502w, https:\/\/tps.best\/wp-content\/uploads\/2024\/10\/points-EFT-186x300.png 186w\" sizes=\"auto, (max-width: 502px) 100vw, 502px\" \/><\/figure>\n<\/figure>\n<\/div><\/div>\n","protected":false},"excerpt":{"rendered":"<p>Alliance de 2 des 3 Techniques Cognitives Comportementales (TCC) valid\u00e9es par l\u2019OMS. Cr\u00e9\u00e9e en 1990 par Gary Craig, L\u2019EFT (Emotional Freedom Technique) est l&rsquo;alliance de &hellip;<\/p>\n","protected":false},"author":1,"featured_media":0,"parent":0,"menu_order":3,"comment_status":"closed","ping_status":"closed","template":"","meta":{"footnotes":""},"class_list":["post-35","page","type-page","status-publish","hentry"],"_links":{"self":[{"href":"https:\/\/tps.best\/index.php?rest_route=\/wp\/v2\/pages\/35","targetHints":{"allow":["GET"]}}],"collection":[{"href":"https:\/\/tps.best\/index.php?rest_route=\/wp\/v2\/pages"}],"about":[{"href":"https:\/\/tps.best\/index.php?rest_route=\/wp\/v2\/types\/page"}],"author":[{"embeddable":true,"href":"https:\/\/tps.best\/index.php?rest_route=\/wp\/v2\/users\/1"}],"replies":[{"embeddable":true,"href":"https:\/\/tps.best\/index.php?rest_route=%2Fwp%2Fv2%2Fcomments&post=35"}],"version-history":[{"count":4,"href":"https:\/\/tps.best\/index.php?rest_route=\/wp\/v2\/pages\/35\/revisions"}],"predecessor-version":[{"id":98,"href":"https:\/\/tps.best\/index.php?rest_route=\/wp\/v2\/pages\/35\/revisions\/98"}],"wp:attachment":[{"href":"https:\/\/tps.best\/index.php?rest_route=%2Fwp%2Fv2%2Fmedia&parent=35"}],"curies":[{"name":"wp","href":"https:\/\/api.w.org\/{rel}","templated":true}]}}